
{"id":15827,"date":"2021-07-02T13:09:15","date_gmt":"2021-07-02T14:09:15","guid":{"rendered":"https:\/\/cmsf.cv\/?page_id=15827"},"modified":"2023-07-21T12:29:09","modified_gmt":"2023-07-21T13:29:09","slug":"delegacao-norte","status":"publish","type":"page","link":"https:\/\/cmsf.cv\/index.php\/delegacao-norte\/","title":{"rendered":"Delega\u00e7\u00e3o Norte"},"content":{"rendered":"\t\t<div data-elementor-type=\"wp-page\" data-elementor-id=\"15827\" class=\"elementor elementor-15827\" data-elementor-settings=\"[]\">\n\t\t\t\t\t\t\t<div class=\"elementor-section-wrap\">\n\t\t\t\t\t\t\t<section class=\"elementor-section elementor-top-section elementor-element elementor-element-1151f14 elementor-section-boxed elementor-section-height-default elementor-section-height-default\" data-id=\"1151f14\" data-element_type=\"section\" data-settings=\"{&quot;jet_parallax_layout_list&quot;:[{&quot;jet_parallax_layout_image&quot;:{&quot;url&quot;:&quot;&quot;,&quot;id&quot;:&quot;&quot;},&quot;_id&quot;:&quot;2f0337c&quot;,&quot;jet_parallax_layout_image_tablet&quot;:{&quot;url&quot;:&quot;&quot;,&quot;id&quot;:&quot;&quot;},&quot;jet_parallax_layout_image_mobile&quot;:{&quot;url&quot;:&quot;&quot;,&quot;id&quot;:&quot;&quot;},&quot;jet_parallax_layout_speed&quot;:{&quot;unit&quot;:&quot;%&quot;,&quot;size&quot;:50,&quot;sizes&quot;:[]},&quot;jet_parallax_layout_type&quot;:&quot;scroll&quot;,&quot;jet_parallax_layout_direction&quot;:null,&quot;jet_parallax_layout_fx_direction&quot;:null,&quot;jet_parallax_layout_z_index&quot;:&quot;&quot;,&quot;jet_parallax_layout_bg_x&quot;:50,&quot;jet_parallax_layout_bg_x_tablet&quot;:&quot;&quot;,&quot;jet_parallax_layout_bg_x_mobile&quot;:&quot;&quot;,&quot;jet_parallax_layout_bg_y&quot;:50,&quot;jet_parallax_layout_bg_y_tablet&quot;:&quot;&quot;,&quot;jet_parallax_layout_bg_y_mobile&quot;:&quot;&quot;,&quot;jet_parallax_layout_bg_size&quot;:&quot;auto&quot;,&quot;jet_parallax_layout_bg_size_tablet&quot;:&quot;&quot;,&quot;jet_parallax_layout_bg_size_mobile&quot;:&quot;&quot;,&quot;jet_parallax_layout_animation_prop&quot;:&quot;transform&quot;,&quot;jet_parallax_layout_on&quot;:[&quot;desktop&quot;,&quot;tablet&quot;]}]}\">\n\t\t\t\t\t\t<div class=\"elementor-container elementor-column-gap-default\">\n\t\t\t\t\t<div class=\"elementor-column elementor-col-100 elementor-top-column elementor-element elementor-element-15e6565\" data-id=\"15e6565\" data-element_type=\"column\">\n\t\t\t<div class=\"elementor-widget-wrap elementor-element-populated\">\n\t\t\t\t\t\t\t\t<div class=\"elementor-element elementor-element-f0f1317 elementor-widget elementor-widget-ova_heading\" data-id=\"f0f1317\" data-element_type=\"widget\" data-widget_type=\"ova_heading.default\">\n\t\t\t\t<div class=\"elementor-widget-container\">\n\t\t\t\t\t<div class=\"ova-heading\">\n\t\t\t\n\t\t\t\t\t\t\t<h3 class=\"title second_font\">Casa do Mun\u00edcipe\n<\/h3>\n\t\t\t\n\t\t\t\t\t\t\t<p class=\"sub-title \">A implementa\u00e7\u00e3o de Pol\u00edticas de Descentraliza\u00e7\u00e3o da nova edilidade, visa a desconcentra\u00e7\u00e3o do poder central para as localidades, aproximando a C\u00e2mara Municipal das popula\u00e7\u00f5es, prestando-lhes os mesmos servi\u00e7os que encontrariam na Cidade, evitando deste modo, despesas para os Cidad\u00e3os que demandam diversos servi\u00e7os, aumentando a efici\u00eancia e a efic\u00e1cia dos procedimentos administrativos.\n\n<\/p>\n\t\t\t\n\t\t<\/div>\n\t\t\t\t<\/div>\n\t\t\t\t<\/div>\n\t\t\t\t<div class=\"elementor-element elementor-element-da5c405 elementor-widget-divider--view-line_icon elementor-view-default elementor-widget-divider--element-align-center elementor-widget elementor-widget-divider\" data-id=\"da5c405\" data-element_type=\"widget\" data-widget_type=\"divider.default\">\n\t\t\t\t<div class=\"elementor-widget-container\">\n\t\t\t\t\t<div class=\"elementor-divider\">\n\t\t\t<span class=\"elementor-divider-separator\">\n\t\t\t\t\t\t\t<div class=\"elementor-icon elementor-divider__element\">\n\t\t\t\t\t<i aria-hidden=\"true\" class=\"fas fa-home\"><\/i><\/div>\n\t\t\t\t\t\t<\/span>\n\t\t<\/div>\n\t\t\t\t<\/div>\n\t\t\t\t<\/div>\n\t\t\t\t<div class=\"elementor-element elementor-element-2e6a76a elementor-widget elementor-widget-heading\" data-id=\"2e6a76a\" data-element_type=\"widget\" data-widget_type=\"heading.default\">\n\t\t\t\t<div class=\"elementor-widget-container\">\n\t\t\t<h2 class=\"elementor-heading-title elementor-size-default\">Casa Do Mun\u00edcipe de Ponta Verde - Delega\u00e7\u00e3o Municipal Norte<\/h2>\t\t<\/div>\n\t\t\t\t<\/div>\n\t\t\t\t\t<\/div>\n\t\t<\/div>\n\t\t\t\t\t\t\t<\/div>\n\t\t<\/section>\n\t\t\t\t<section class=\"elementor-section elementor-top-section elementor-element elementor-element-0642d7a elementor-section-boxed elementor-section-height-default elementor-section-height-default\" data-id=\"0642d7a\" data-element_type=\"section\" data-settings=\"{&quot;jet_parallax_layout_list&quot;:[{&quot;jet_parallax_layout_image&quot;:{&quot;url&quot;:&quot;&quot;,&quot;id&quot;:&quot;&quot;},&quot;_id&quot;:&quot;2f0337c&quot;,&quot;jet_parallax_layout_image_tablet&quot;:{&quot;url&quot;:&quot;&quot;,&quot;id&quot;:&quot;&quot;},&quot;jet_parallax_layout_image_mobile&quot;:{&quot;url&quot;:&quot;&quot;,&quot;id&quot;:&quot;&quot;},&quot;jet_parallax_layout_speed&quot;:{&quot;unit&quot;:&quot;%&quot;,&quot;size&quot;:50,&quot;sizes&quot;:[]},&quot;jet_parallax_layout_type&quot;:&quot;scroll&quot;,&quot;jet_parallax_layout_direction&quot;:null,&quot;jet_parallax_layout_fx_direction&quot;:null,&quot;jet_parallax_layout_z_index&quot;:&quot;&quot;,&quot;jet_parallax_layout_bg_x&quot;:50,&quot;jet_parallax_layout_bg_x_tablet&quot;:&quot;&quot;,&quot;jet_parallax_layout_bg_x_mobile&quot;:&quot;&quot;,&quot;jet_parallax_layout_bg_y&quot;:50,&quot;jet_parallax_layout_bg_y_tablet&quot;:&quot;&quot;,&quot;jet_parallax_layout_bg_y_mobile&quot;:&quot;&quot;,&quot;jet_parallax_layout_bg_size&quot;:&quot;auto&quot;,&quot;jet_parallax_layout_bg_size_tablet&quot;:&quot;&quot;,&quot;jet_parallax_layout_bg_size_mobile&quot;:&quot;&quot;,&quot;jet_parallax_layout_animation_prop&quot;:&quot;transform&quot;,&quot;jet_parallax_layout_on&quot;:[&quot;desktop&quot;,&quot;tablet&quot;]}]}\">\n\t\t\t\t\t\t<div class=\"elementor-container elementor-column-gap-default\">\n\t\t\t\t\t<div class=\"elementor-column elementor-col-50 elementor-top-column elementor-element elementor-element-8774ed6\" data-id=\"8774ed6\" data-element_type=\"column\">\n\t\t\t<div class=\"elementor-widget-wrap elementor-element-populated\">\n\t\t\t\t\t\t\t\t<div class=\"elementor-element elementor-element-15ffbca elementor-widget elementor-widget-text-editor\" data-id=\"15ffbca\" data-element_type=\"widget\" data-widget_type=\"text-editor.default\">\n\t\t\t\t<div class=\"elementor-widget-container\">\n\t\t\t\t\t\t\t\t<p>Casa do Mun\u00edcipe de Ponta Verde entrou em funcionamento, em abril de 2023 para servir a popula\u00e7\u00e3o da zona Norte.<\/p><p>Ao presidir o ato da abertura da Casa do Mun\u00edcipe, que surgiu da transforma\u00e7\u00e3o da delega\u00e7\u00e3o municipal de modo a prestar um conjunto de servi\u00e7os camar\u00e1rios e de outras institui\u00e7\u00f5es, o presidente da C\u00e2mara de S\u00e3o Filipe, Nu\u00edas Silva, disse que o ato marca aquilo que \u00e9 o desenvolvimento que se quer para o munic\u00edpio.<\/p><p>A ideia com o conceito da Casa do mun\u00edcipe, segundo Nu\u00edas Silva, \u00e9 congregar no \u00fanico espa\u00e7o os servi\u00e7os administrativos que s\u00e3o prestados, tradicionalmente, em espa\u00e7os diferentes, para permitir levar servi\u00e7os mais pr\u00f3ximos dos mun\u00edcipes, reduzindo o tempo e poupando recursos nas desloca\u00e7\u00f5es.<\/p><p>A implementa\u00e7\u00e3o de Pol\u00edticas de Descentraliza\u00e7\u00e3o da nova edilidade, visa a desconcentra\u00e7\u00e3o do poder central para as localidades, aproximando a C\u00e2mara Municipal das popula\u00e7\u00f5es, prestando-lhes os mesmos servi\u00e7os que encontrariam na Cidade, evitando deste modo, despesas para os Cidad\u00e3os que demandam diversos servi\u00e7os, aumentando a efici\u00eancia e a efic\u00e1cia dos procedimentos administrativos.\u00a0<\/p><p>A Casa do Mun\u00edcipe de Ponta Verde disponibiliza Servi\u00e7os da CMSF, da \u00c1gua Brava (pagamento de \u00e1gua), da Electra, Servi\u00e7os Banc\u00e1rios, e servi\u00e7os de microfinan\u00e7as e microcr\u00e9dito atrav\u00e9s da SoldiFogo.<\/p><p><strong>\u00a0 \u00a0 \u00a0 \u00a0 \u00a0 \u00a0 \u00a0 \u00a0 \u00a0 \u00a0 \u00a0 \u00a0 \u00a0 \u00a0 \u00a0 E-Mail:<\/strong> casadomunicipe.pontaverde@cmsf.cv<\/p><p>#<strong>Facebook\/<\/strong>camaramunicipaldesaofilipe\u00a0 \u00a0 \u00a0 \u00a0 \u00a0 \u00a0 \u00a0 \u00a0 \u00a0 \u00a0 \u00a0 \u00a0 \u00a0 \u00a0 \u00a0 \u00a0 \u00a0 \u00a0 \u00a0 \u00a0 \u00a0 \u00a0 \u00a0 \u00a0 \u00a0 \u00a0 \u00a0 \u00a0 \u00a0 \u00a0 \u00a0 \u00a0 \u00a0 \u00a0 \u00a0 \u00a0 \u00a0 \u00a0 \u00a0#UnidosPorS\u00e3oFilipe#MobilizarS\u00e3oFilipe#ReservaMundialBiosfera<\/p>\t\t\t\t\t\t<\/div>\n\t\t\t\t<\/div>\n\t\t\t\t<div class=\"elementor-element elementor-element-02137a7 elementor-aspect-ratio-169 elementor-widget elementor-widget-video\" data-id=\"02137a7\" data-element_type=\"widget\" data-settings=\"{&quot;youtube_url&quot;:&quot;https:\\\/\\\/youtu.be\\\/aXE-BIaTjhs&quot;,&quot;video_type&quot;:&quot;youtube&quot;,&quot;controls&quot;:&quot;yes&quot;,&quot;aspect_ratio&quot;:&quot;169&quot;}\" data-widget_type=\"video.default\">\n\t\t\t\t<div class=\"elementor-widget-container\">\n\t\t\t\t\t<div class=\"elementor-wrapper elementor-fit-aspect-ratio elementor-open-inline\">\n\t\t\t<div class=\"elementor-video\"><\/div>\t\t<\/div>\n\t\t\t\t<\/div>\n\t\t\t\t<\/div>\n\t\t\t\t\t<\/div>\n\t\t<\/div>\n\t\t\t\t<div class=\"elementor-column elementor-col-50 elementor-top-column elementor-element elementor-element-98eb803\" data-id=\"98eb803\" data-element_type=\"column\">\n\t\t\t<div class=\"elementor-widget-wrap elementor-element-populated\">\n\t\t\t\t\t\t\t\t<div class=\"elementor-element elementor-element-a5842f6 elementor-widget elementor-widget-image\" data-id=\"a5842f6\" data-element_type=\"widget\" data-settings=\"{&quot;_animation&quot;:&quot;none&quot;}\" data-widget_type=\"image.default\">\n\t\t\t\t<div class=\"elementor-widget-container\">\n\t\t\t\t\t\t\t\t\t\t\t\t\t\t\t<img width=\"827\" height=\"550\" src=\"https:\/\/cmsf.cv\/wp-content\/uploads\/2023\/07\/356812767_1229908034355487_6579160480793092346_n.jpg\" class=\"attachment-large size-large\" alt=\"\" loading=\"lazy\" srcset=\"https:\/\/cmsf.cv\/wp-content\/uploads\/2023\/07\/356812767_1229908034355487_6579160480793092346_n.jpg 827w, https:\/\/cmsf.cv\/wp-content\/uploads\/2023\/07\/356812767_1229908034355487_6579160480793092346_n-300x200.jpg 300w, https:\/\/cmsf.cv\/wp-content\/uploads\/2023\/07\/356812767_1229908034355487_6579160480793092346_n-768x511.jpg 768w, https:\/\/cmsf.cv\/wp-content\/uploads\/2023\/07\/356812767_1229908034355487_6579160480793092346_n-600x399.jpg 600w, https:\/\/cmsf.cv\/wp-content\/uploads\/2023\/07\/356812767_1229908034355487_6579160480793092346_n-560x372.jpg 560w\" sizes=\"(max-width: 827px) 100vw, 827px\" \/>\t\t\t\t\t\t\t\t\t\t\t\t\t\t\t<\/div>\n\t\t\t\t<\/div>\n\t\t\t\t<div class=\"elementor-element elementor-element-1f25eac elementor-widget elementor-widget-image-gallery\" data-id=\"1f25eac\" data-element_type=\"widget\" data-widget_type=\"image-gallery.default\">\n\t\t\t\t<div class=\"elementor-widget-container\">\n\t\t\t\t\t<div class=\"elementor-image-gallery\">\n\t\t\t\n\t\t<style type=\"text\/css\">\n\t\t\t#gallery-1 {\n\t\t\t\tmargin: auto;\n\t\t\t}\n\t\t\t#gallery-1 .gallery-item {\n\t\t\t\tfloat: left;\n\t\t\t\tmargin-top: 10px;\n\t\t\t\ttext-align: center;\n\t\t\t\twidth: 25%;\n\t\t\t}\n\t\t\t#gallery-1 img {\n\t\t\t\tborder: 2px solid #cfcfcf;\n\t\t\t}\n\t\t\t#gallery-1 .gallery-caption {\n\t\t\t\tmargin-left: 0;\n\t\t\t}\n\t\t\t\/* see gallery_shortcode() in wp-includes\/media.php *\/\n\t\t<\/style>\n\t\t<div id='gallery-1' class='gallery galleryid-15827 gallery-columns-4 gallery-size-thumbnail'><dl class='gallery-item'>\n\t\t\t<dt class='gallery-icon landscape'>\n\t\t\t\t<a data-elementor-open-lightbox=\"yes\" data-elementor-lightbox-slideshow=\"1f25eac\" data-elementor-lightbox-title=\"356812767_1229908034355487_6579160480793092346_n (1)\" href='https:\/\/cmsf.cv\/wp-content\/uploads\/2023\/07\/356812767_1229908034355487_6579160480793092346_n-1.jpg'><img width=\"150\" height=\"150\" src=\"https:\/\/cmsf.cv\/wp-content\/uploads\/2023\/07\/356812767_1229908034355487_6579160480793092346_n-1-150x150.jpg\" class=\"attachment-thumbnail size-thumbnail\" alt=\"\" loading=\"lazy\" srcset=\"https:\/\/cmsf.cv\/wp-content\/uploads\/2023\/07\/356812767_1229908034355487_6579160480793092346_n-1-150x150.jpg 150w, https:\/\/cmsf.cv\/wp-content\/uploads\/2023\/07\/356812767_1229908034355487_6579160480793092346_n-1-100x100.jpg 100w\" sizes=\"(max-width: 150px) 100vw, 150px\" \/><\/a>\n\t\t\t<\/dt><\/dl><dl class='gallery-item'>\n\t\t\t<dt class='gallery-icon landscape'>\n\t\t\t\t<a data-elementor-open-lightbox=\"yes\" data-elementor-lightbox-slideshow=\"1f25eac\" data-elementor-lightbox-title=\"356816449_1324411231835033_2113369890763280385_n\" href='https:\/\/cmsf.cv\/wp-content\/uploads\/2023\/07\/356816449_1324411231835033_2113369890763280385_n.jpg'><img width=\"150\" height=\"150\" src=\"https:\/\/cmsf.cv\/wp-content\/uploads\/2023\/07\/356816449_1324411231835033_2113369890763280385_n-150x150.jpg\" class=\"attachment-thumbnail size-thumbnail\" alt=\"\" loading=\"lazy\" srcset=\"https:\/\/cmsf.cv\/wp-content\/uploads\/2023\/07\/356816449_1324411231835033_2113369890763280385_n-150x150.jpg 150w, https:\/\/cmsf.cv\/wp-content\/uploads\/2023\/07\/356816449_1324411231835033_2113369890763280385_n-100x100.jpg 100w\" sizes=\"(max-width: 150px) 100vw, 150px\" \/><\/a>\n\t\t\t<\/dt><\/dl><dl class='gallery-item'>\n\t\t\t<dt class='gallery-icon landscape'>\n\t\t\t\t<a data-elementor-open-lightbox=\"yes\" data-elementor-lightbox-slideshow=\"1f25eac\" data-elementor-lightbox-title=\"356808801_838830911029288_3071983007673656668_n\" href='https:\/\/cmsf.cv\/wp-content\/uploads\/2023\/07\/356808801_838830911029288_3071983007673656668_n.jpg'><img width=\"150\" height=\"150\" src=\"https:\/\/cmsf.cv\/wp-content\/uploads\/2023\/07\/356808801_838830911029288_3071983007673656668_n-150x150.jpg\" class=\"attachment-thumbnail size-thumbnail\" alt=\"\" loading=\"lazy\" srcset=\"https:\/\/cmsf.cv\/wp-content\/uploads\/2023\/07\/356808801_838830911029288_3071983007673656668_n-150x150.jpg 150w, https:\/\/cmsf.cv\/wp-content\/uploads\/2023\/07\/356808801_838830911029288_3071983007673656668_n-100x100.jpg 100w\" sizes=\"(max-width: 150px) 100vw, 150px\" \/><\/a>\n\t\t\t<\/dt><\/dl><dl class='gallery-item'>\n\t\t\t<dt class='gallery-icon landscape'>\n\t\t\t\t<a data-elementor-open-lightbox=\"yes\" data-elementor-lightbox-slideshow=\"1f25eac\" data-elementor-lightbox-title=\"356808481_1248225149223980_7240787674194304359_n\" href='https:\/\/cmsf.cv\/wp-content\/uploads\/2023\/07\/356808481_1248225149223980_7240787674194304359_n.jpg'><img width=\"150\" height=\"150\" src=\"https:\/\/cmsf.cv\/wp-content\/uploads\/2023\/07\/356808481_1248225149223980_7240787674194304359_n-150x150.jpg\" class=\"attachment-thumbnail size-thumbnail\" alt=\"\" loading=\"lazy\" srcset=\"https:\/\/cmsf.cv\/wp-content\/uploads\/2023\/07\/356808481_1248225149223980_7240787674194304359_n-150x150.jpg 150w, https:\/\/cmsf.cv\/wp-content\/uploads\/2023\/07\/356808481_1248225149223980_7240787674194304359_n-100x100.jpg 100w\" sizes=\"(max-width: 150px) 100vw, 150px\" \/><\/a>\n\t\t\t<\/dt><\/dl><br style=\"clear: both\" \/><dl class='gallery-item'>\n\t\t\t<dt class='gallery-icon landscape'>\n\t\t\t\t<a data-elementor-open-lightbox=\"yes\" data-elementor-lightbox-slideshow=\"1f25eac\" data-elementor-lightbox-title=\"356805361_720445313174560_5461619546137265841_n\" href='https:\/\/cmsf.cv\/wp-content\/uploads\/2023\/07\/356805361_720445313174560_5461619546137265841_n.jpg'><img width=\"150\" height=\"150\" src=\"https:\/\/cmsf.cv\/wp-content\/uploads\/2023\/07\/356805361_720445313174560_5461619546137265841_n-150x150.jpg\" class=\"attachment-thumbnail size-thumbnail\" alt=\"\" loading=\"lazy\" srcset=\"https:\/\/cmsf.cv\/wp-content\/uploads\/2023\/07\/356805361_720445313174560_5461619546137265841_n-150x150.jpg 150w, https:\/\/cmsf.cv\/wp-content\/uploads\/2023\/07\/356805361_720445313174560_5461619546137265841_n-100x100.jpg 100w\" sizes=\"(max-width: 150px) 100vw, 150px\" \/><\/a>\n\t\t\t<\/dt><\/dl><dl class='gallery-item'>\n\t\t\t<dt class='gallery-icon landscape'>\n\t\t\t\t<a data-elementor-open-lightbox=\"yes\" data-elementor-lightbox-slideshow=\"1f25eac\" data-elementor-lightbox-title=\"356816442_229961423274263_7499969977042378481_n\" href='https:\/\/cmsf.cv\/wp-content\/uploads\/2023\/07\/356816442_229961423274263_7499969977042378481_n.jpg'><img width=\"150\" height=\"150\" src=\"https:\/\/cmsf.cv\/wp-content\/uploads\/2023\/07\/356816442_229961423274263_7499969977042378481_n-150x150.jpg\" class=\"attachment-thumbnail size-thumbnail\" alt=\"\" loading=\"lazy\" srcset=\"https:\/\/cmsf.cv\/wp-content\/uploads\/2023\/07\/356816442_229961423274263_7499969977042378481_n-150x150.jpg 150w, https:\/\/cmsf.cv\/wp-content\/uploads\/2023\/07\/356816442_229961423274263_7499969977042378481_n-100x100.jpg 100w\" sizes=\"(max-width: 150px) 100vw, 150px\" \/><\/a>\n\t\t\t<\/dt><\/dl><dl class='gallery-item'>\n\t\t\t<dt class='gallery-icon landscape'>\n\t\t\t\t<a data-elementor-open-lightbox=\"yes\" data-elementor-lightbox-slideshow=\"1f25eac\" data-elementor-lightbox-title=\"356803653_613473847435666_4288011487519605586_n\" href='https:\/\/cmsf.cv\/wp-content\/uploads\/2023\/07\/356803653_613473847435666_4288011487519605586_n.jpg'><img width=\"150\" height=\"150\" src=\"https:\/\/cmsf.cv\/wp-content\/uploads\/2023\/07\/356803653_613473847435666_4288011487519605586_n-150x150.jpg\" class=\"attachment-thumbnail size-thumbnail\" alt=\"\" loading=\"lazy\" srcset=\"https:\/\/cmsf.cv\/wp-content\/uploads\/2023\/07\/356803653_613473847435666_4288011487519605586_n-150x150.jpg 150w, https:\/\/cmsf.cv\/wp-content\/uploads\/2023\/07\/356803653_613473847435666_4288011487519605586_n-100x100.jpg 100w\" sizes=\"(max-width: 150px) 100vw, 150px\" \/><\/a>\n\t\t\t<\/dt><\/dl><dl class='gallery-item'>\n\t\t\t<dt class='gallery-icon landscape'>\n\t\t\t\t<a data-elementor-open-lightbox=\"yes\" data-elementor-lightbox-slideshow=\"1f25eac\" data-elementor-lightbox-title=\"356896026_295082099703866_5897940815506024028_n\" href='https:\/\/cmsf.cv\/wp-content\/uploads\/2023\/07\/356896026_295082099703866_5897940815506024028_n.jpg'><img width=\"150\" height=\"150\" src=\"https:\/\/cmsf.cv\/wp-content\/uploads\/2023\/07\/356896026_295082099703866_5897940815506024028_n-150x150.jpg\" class=\"attachment-thumbnail size-thumbnail\" alt=\"\" loading=\"lazy\" srcset=\"https:\/\/cmsf.cv\/wp-content\/uploads\/2023\/07\/356896026_295082099703866_5897940815506024028_n-150x150.jpg 150w, https:\/\/cmsf.cv\/wp-content\/uploads\/2023\/07\/356896026_295082099703866_5897940815506024028_n-100x100.jpg 100w\" sizes=\"(max-width: 150px) 100vw, 150px\" \/><\/a>\n\t\t\t<\/dt><\/dl><br style=\"clear: both\" \/><dl class='gallery-item'>\n\t\t\t<dt class='gallery-icon landscape'>\n\t\t\t\t<a data-elementor-open-lightbox=\"yes\" data-elementor-lightbox-slideshow=\"1f25eac\" data-elementor-lightbox-title=\"356814092_946767503217436_2148312056968097943_n\" href='https:\/\/cmsf.cv\/wp-content\/uploads\/2023\/07\/356814092_946767503217436_2148312056968097943_n.jpg'><img width=\"150\" height=\"150\" src=\"https:\/\/cmsf.cv\/wp-content\/uploads\/2023\/07\/356814092_946767503217436_2148312056968097943_n-150x150.jpg\" class=\"attachment-thumbnail size-thumbnail\" alt=\"\" loading=\"lazy\" srcset=\"https:\/\/cmsf.cv\/wp-content\/uploads\/2023\/07\/356814092_946767503217436_2148312056968097943_n-150x150.jpg 150w, https:\/\/cmsf.cv\/wp-content\/uploads\/2023\/07\/356814092_946767503217436_2148312056968097943_n-100x100.jpg 100w\" sizes=\"(max-width: 150px) 100vw, 150px\" \/><\/a>\n\t\t\t<\/dt><\/dl><dl class='gallery-item'>\n\t\t\t<dt class='gallery-icon landscape'>\n\t\t\t\t<a data-elementor-open-lightbox=\"yes\" data-elementor-lightbox-slideshow=\"1f25eac\" data-elementor-lightbox-title=\"356824985_745016047395213_9181707878497479742_n\" href='https:\/\/cmsf.cv\/wp-content\/uploads\/2023\/07\/356824985_745016047395213_9181707878497479742_n.jpg'><img width=\"150\" height=\"150\" src=\"https:\/\/cmsf.cv\/wp-content\/uploads\/2023\/07\/356824985_745016047395213_9181707878497479742_n-150x150.jpg\" class=\"attachment-thumbnail size-thumbnail\" alt=\"\" loading=\"lazy\" srcset=\"https:\/\/cmsf.cv\/wp-content\/uploads\/2023\/07\/356824985_745016047395213_9181707878497479742_n-150x150.jpg 150w, https:\/\/cmsf.cv\/wp-content\/uploads\/2023\/07\/356824985_745016047395213_9181707878497479742_n-100x100.jpg 100w\" sizes=\"(max-width: 150px) 100vw, 150px\" \/><\/a>\n\t\t\t<\/dt><\/dl>\n\t\t\t<br style='clear: both' \/>\n\t\t<\/div>\n\t\t<\/div>\n\t\t\t\t<\/div>\n\t\t\t\t<\/div>\n\t\t\t\t\t<\/div>\n\t\t<\/div>\n\t\t\t\t\t\t\t<\/div>\n\t\t<\/section>\n\t\t\t\t\t\t<\/div>\n\t\t\t\t\t<\/div>\n\t\t","protected":false},"excerpt":{"rendered":"<p>Casa do Mun\u00edcipe A implementa\u00e7\u00e3o de Pol\u00edticas de Descentraliza\u00e7\u00e3o da nova edilidade, visa a desconcentra\u00e7\u00e3o do poder central para as localidades, aproximando a C\u00e2mara Municipal das popula\u00e7\u00f5es, prestando-lhes os mesmos servi\u00e7os que encontrariam na Cidade, evitando deste modo, despesas para os Cidad\u00e3os que demandam diversos servi\u00e7os, aumentando a efici\u00eancia e a efic\u00e1cia dos procedimentos administrativos. [&hellip;]<\/p>\n","protected":false},"author":1,"featured_media":15836,"parent":0,"menu_order":74,"comment_status":"closed","ping_status":"closed","template":"elementor_header_footer","meta":[],"acf":[],"wpcf_dashboard":"<div class=\"woocommerce\"><div class=\"woocommerce-info\">Please log in first? <a class=\"wpneoShowLogin\" href=\"#\">Click here to login<\/a><\/div><div class=\"wpneo_login_form_div\" style=\"display: none;\">\n\t\t<form name=\"loginform\" id=\"loginform\" action=\"https:\/\/cmsf.cv\/wp-login.php\" method=\"post\">\n\t\t\t\n\t\t\t<p class=\"login-username\">\n\t\t\t\t<label for=\"user_login\">Nome de utilizador ou endere\u00e7o de email<\/label>\n\t\t\t\t<input type=\"text\" name=\"log\" id=\"user_login\" class=\"input\" value=\"\" size=\"20\" \/>\n\t\t\t<\/p>\n\t\t\t<p class=\"login-password\">\n\t\t\t\t<label for=\"user_pass\">Senha<\/label>\n\t\t\t\t<input type=\"password\" name=\"pwd\" id=\"user_pass\" class=\"input\" value=\"\" size=\"20\" \/>\n\t\t\t<\/p>\n\t\t\t\n\t\t\t<p class=\"login-remember\"><label><input name=\"rememberme\" type=\"checkbox\" id=\"rememberme\" value=\"forever\" \/> Lembrar-me<\/label><\/p>\n\t\t\t<p class=\"login-submit\">\n\t\t\t\t<input type=\"submit\" name=\"wp-submit\" id=\"wp-submit\" class=\"button button-primary\" value=\"Iniciar sess\u00e3o\" \/>\n\t\t\t\t<input type=\"hidden\" name=\"redirect_to\" value=\"https:\/\/cmsf.cv\/index.php\/wp-json\/wp\/v2\/pages\/15827\" \/>\n\t\t\t<\/p>\n\t\t\t\n\t\t<\/form><\/div><\/div>","_links":{"self":[{"href":"https:\/\/cmsf.cv\/index.php\/wp-json\/wp\/v2\/pages\/15827"}],"collection":[{"href":"https:\/\/cmsf.cv\/index.php\/wp-json\/wp\/v2\/pages"}],"about":[{"href":"https:\/\/cmsf.cv\/index.php\/wp-json\/wp\/v2\/types\/page"}],"author":[{"embeddable":true,"href":"https:\/\/cmsf.cv\/index.php\/wp-json\/wp\/v2\/users\/1"}],"replies":[{"embeddable":true,"href":"https:\/\/cmsf.cv\/index.php\/wp-json\/wp\/v2\/comments?post=15827"}],"version-history":[{"count":6,"href":"https:\/\/cmsf.cv\/index.php\/wp-json\/wp\/v2\/pages\/15827\/revisions"}],"predecessor-version":[{"id":15849,"href":"https:\/\/cmsf.cv\/index.php\/wp-json\/wp\/v2\/pages\/15827\/revisions\/15849"}],"wp:featuredmedia":[{"embeddable":true,"href":"https:\/\/cmsf.cv\/index.php\/wp-json\/wp\/v2\/media\/15836"}],"wp:attachment":[{"href":"https:\/\/cmsf.cv\/index.php\/wp-json\/wp\/v2\/media?parent=15827"}],"curies":[{"name":"wp","href":"https:\/\/api.w.org\/{rel}","templated":true}]}}