
{"id":3,"date":"2021-07-02T12:30:54","date_gmt":"2021-07-02T13:30:54","guid":{"rendered":"https:\/\/cmsf.cv\/?page_id=3"},"modified":"2022-08-30T20:57:08","modified_gmt":"2022-08-30T21:57:08","slug":"politica-privacidade","status":"publish","type":"page","link":"https:\/\/cmsf.cv\/index.php\/politica-privacidade\/","title":{"rendered":"Pol\u00edtica de privacidade"},"content":{"rendered":"\t\t<div data-elementor-type=\"wp-page\" data-elementor-id=\"3\" class=\"elementor elementor-3\" data-elementor-settings=\"[]\">\n\t\t\t\t\t\t\t<div class=\"elementor-section-wrap\">\n\t\t\t\t\t\t\t<section class=\"elementor-section elementor-top-section elementor-element elementor-element-1fb67490 elementor-section-boxed elementor-section-height-default elementor-section-height-default\" data-id=\"1fb67490\" data-element_type=\"section\" data-settings=\"{&quot;jet_parallax_layout_list&quot;:[{&quot;jet_parallax_layout_image&quot;:{&quot;url&quot;:&quot;&quot;,&quot;id&quot;:&quot;&quot;},&quot;_id&quot;:&quot;23f1f74&quot;,&quot;jet_parallax_layout_image_tablet&quot;:{&quot;url&quot;:&quot;&quot;,&quot;id&quot;:&quot;&quot;},&quot;jet_parallax_layout_image_mobile&quot;:{&quot;url&quot;:&quot;&quot;,&quot;id&quot;:&quot;&quot;},&quot;jet_parallax_layout_speed&quot;:{&quot;unit&quot;:&quot;%&quot;,&quot;size&quot;:50,&quot;sizes&quot;:[]},&quot;jet_parallax_layout_type&quot;:&quot;scroll&quot;,&quot;jet_parallax_layout_direction&quot;:null,&quot;jet_parallax_layout_fx_direction&quot;:null,&quot;jet_parallax_layout_z_index&quot;:&quot;&quot;,&quot;jet_parallax_layout_bg_x&quot;:50,&quot;jet_parallax_layout_bg_x_tablet&quot;:&quot;&quot;,&quot;jet_parallax_layout_bg_x_mobile&quot;:&quot;&quot;,&quot;jet_parallax_layout_bg_y&quot;:50,&quot;jet_parallax_layout_bg_y_tablet&quot;:&quot;&quot;,&quot;jet_parallax_layout_bg_y_mobile&quot;:&quot;&quot;,&quot;jet_parallax_layout_bg_size&quot;:&quot;auto&quot;,&quot;jet_parallax_layout_bg_size_tablet&quot;:&quot;&quot;,&quot;jet_parallax_layout_bg_size_mobile&quot;:&quot;&quot;,&quot;jet_parallax_layout_animation_prop&quot;:&quot;transform&quot;,&quot;jet_parallax_layout_on&quot;:[&quot;desktop&quot;,&quot;tablet&quot;]}]}\">\n\t\t\t\t\t\t<div class=\"elementor-container elementor-column-gap-default\">\n\t\t\t\t\t<div class=\"elementor-column elementor-col-100 elementor-top-column elementor-element elementor-element-a43df14\" data-id=\"a43df14\" data-element_type=\"column\">\n\t\t\t<div class=\"elementor-widget-wrap elementor-element-populated\">\n\t\t\t\t\t\t\t\t<div class=\"elementor-element elementor-element-4379e33f elementor-widget elementor-widget-text-editor\" data-id=\"4379e33f\" data-element_type=\"widget\" data-widget_type=\"text-editor.default\">\n\t\t\t\t<div class=\"elementor-widget-container\">\n\t\t\t\t\t\t\t\t<p>Esta Pol\u00edtica de Privacidade destina-se a este Site, mas n\u00e3o necessariamente a outros sites da World Wide Web. Quando entrar neste Site, por favor leia a pol\u00edtica de privacidade aplic\u00e1vel ao que est\u00e1 a visitar. Se n\u00e3o concordar com esta Pol\u00edtica de Privacidade, por favor n\u00e3o utilize este Site. Se aceder a este Site o utilizar, tal significa que aceita os termos desta Pol\u00edtica de Privacidade.<\/p><h4>Dados Impessoais<\/h4><p>A C\u00e2mara Municipal de S\u00e3o Filipe est\u00e1 empenhada na prote\u00e7\u00e3o da privacidade dos visitantes do seu Site na Web.<\/p><h4>Dados Pessoais<\/h4><p>No sentido de responder \u00e0s suas perguntas, dar resposta aos seus pedidos ou gerir programas interativos dos mun\u00edcipes, tais como a nossa Newsletter pode ser necess\u00e1rio pedir dados pessoais, tais como o seu nome e\/ou endere\u00e7o de correio eletr\u00f3nico. Podemos utilizar estes dados para responder aos seus pedidos ou para o contactar via correio eletr\u00f3nico para o informar sobre novos produtos, servi\u00e7os ou promo\u00e7\u00f5es que eventualmente estejamos a oferecer. Se solicitar um servi\u00e7o ou apresentar conte\u00fados a este Site, podemos ter de o contactar para obter informa\u00e7\u00f5es adicionais necess\u00e1rias para processar ou dar resposta ao seu pedido.<\/p><h4>Tecnologia e Seguran\u00e7a<\/h4><p class=\"text-justify\">Ser\u00e1 necess\u00e1rio ter em considera\u00e7\u00e3o que embora existam sempre riscos associados ao fornecimento de dados pessoais, quer sejam fornecidos pessoalmente, telefonicamente ou atrav\u00e9s da Internet, e que nenhum sistema tecnol\u00f3gico \u00e9 totalmente seguro, inviol\u00e1vel ou \u00e0 prova de hackers, a C\u00e2mara Municipal de S\u00e3o Filipe desenvolveu esfor\u00e7os para tomar medidas adequadas e prevenir e minimizar os riscos de acesso n\u00e3o autorizado, uso indevido e incorre\u00e7\u00f5es nos seus dados pessoais.<\/p><h4>Corre\u00e7\u00e3o dos Dados Recolhidos<\/h4><p>Por sua pr\u00f3pria iniciativa ou na sequ\u00eancia de um pedido feito por si, a C\u00e2mara Municipal de S\u00e3o Filipe completar\u00e1, retificar\u00e1 ou apagar\u00e1 dados pessoais incompletos, incorretos ou desatualizados que estejam na sua posse e estejam relacionados com a explora\u00e7\u00e3o deste Site. Ao titular dos dados pessoais \u00e9 pois garantido o direito de acesso, retifica\u00e7\u00e3o, altera\u00e7\u00e3o ou elimina\u00e7\u00e3o, sempre que, para isso, contacte a C\u00e2mara Municipal de S\u00e3o Filipe atrav\u00e9s do email: <strong>cmsf<\/strong><b>@cmsf.cv <\/b>ou telefones: +238 2811313 , +238 5985468.<\/p><h4>Altera\u00e7\u00f5es<\/h4><p>Podemos alterar esta Pol\u00edtica de Privacidade ou modificar ou recusar o acesso a este Site ou ao conte\u00fado destas p\u00e1ginas em qualquer altura e com ou sem pr\u00e9-aviso.<\/p><h4>Prote\u00e7\u00e1o de Dados<\/h4><p>Com vista a ter sucesso na persecu\u00e7\u00e3o do desenvolvimento das necessidades dos seus clientes e dos seus produtos e servi\u00e7os, bem como para efeitos de investiga\u00e7\u00e3o, no sentido de permitir uma an\u00e1lise dos clientes e a sua segmenta\u00e7\u00e3o, no contexto desta pesquisa, tal processamento ser\u00e1 efetuado em cumprimento das diretrizes da C\u00e2mara Municipal de S\u00e3o Filipe e da legisla\u00e7\u00e3o aplic\u00e1vel.<\/p>\t\t\t\t\t\t<\/div>\n\t\t\t\t<\/div>\n\t\t\t\t\t<\/div>\n\t\t<\/div>\n\t\t\t\t\t\t\t<\/div>\n\t\t<\/section>\n\t\t\t\t\t\t<\/div>\n\t\t\t\t\t<\/div>\n\t\t","protected":false},"excerpt":{"rendered":"<p>Esta Pol\u00edtica de Privacidade destina-se a este Site, mas n\u00e3o necessariamente a outros sites da World Wide Web. Quando entrar neste Site, por favor leia a pol\u00edtica de privacidade aplic\u00e1vel ao que est\u00e1 a visitar. Se n\u00e3o concordar com esta Pol\u00edtica de Privacidade, por favor n\u00e3o utilize este Site. Se aceder a este Site o [&hellip;]<\/p>\n","protected":false},"author":1,"featured_media":8636,"parent":0,"menu_order":87,"comment_status":"closed","ping_status":"closed","template":"","meta":[],"acf":[],"wpcf_dashboard":"<div class=\"woocommerce\"><div class=\"woocommerce-info\">Please log in first? <a class=\"wpneoShowLogin\" href=\"#\">Click here to login<\/a><\/div><div class=\"wpneo_login_form_div\" style=\"display: none;\">\n\t\t<form name=\"loginform\" id=\"loginform\" action=\"https:\/\/cmsf.cv\/wp-login.php\" method=\"post\">\n\t\t\t\n\t\t\t<p class=\"login-username\">\n\t\t\t\t<label for=\"user_login\">Nome de utilizador ou endere\u00e7o de email<\/label>\n\t\t\t\t<input type=\"text\" name=\"log\" id=\"user_login\" class=\"input\" value=\"\" size=\"20\" \/>\n\t\t\t<\/p>\n\t\t\t<p class=\"login-password\">\n\t\t\t\t<label for=\"user_pass\">Senha<\/label>\n\t\t\t\t<input type=\"password\" name=\"pwd\" id=\"user_pass\" class=\"input\" value=\"\" size=\"20\" \/>\n\t\t\t<\/p>\n\t\t\t\n\t\t\t<p class=\"login-remember\"><label><input name=\"rememberme\" type=\"checkbox\" id=\"rememberme\" value=\"forever\" \/> Lembrar-me<\/label><\/p>\n\t\t\t<p class=\"login-submit\">\n\t\t\t\t<input type=\"submit\" name=\"wp-submit\" id=\"wp-submit\" class=\"button button-primary\" value=\"Iniciar sess\u00e3o\" \/>\n\t\t\t\t<input type=\"hidden\" name=\"redirect_to\" value=\"https:\/\/cmsf.cv\/index.php\/wp-json\/wp\/v2\/pages\/3\" \/>\n\t\t\t<\/p>\n\t\t\t\n\t\t<\/form><\/div><\/div>","_links":{"self":[{"href":"https:\/\/cmsf.cv\/index.php\/wp-json\/wp\/v2\/pages\/3"}],"collection":[{"href":"https:\/\/cmsf.cv\/index.php\/wp-json\/wp\/v2\/pages"}],"about":[{"href":"https:\/\/cmsf.cv\/index.php\/wp-json\/wp\/v2\/types\/page"}],"author":[{"embeddable":true,"href":"https:\/\/cmsf.cv\/index.php\/wp-json\/wp\/v2\/users\/1"}],"replies":[{"embeddable":true,"href":"https:\/\/cmsf.cv\/index.php\/wp-json\/wp\/v2\/comments?post=3"}],"version-history":[{"count":18,"href":"https:\/\/cmsf.cv\/index.php\/wp-json\/wp\/v2\/pages\/3\/revisions"}],"predecessor-version":[{"id":13050,"href":"https:\/\/cmsf.cv\/index.php\/wp-json\/wp\/v2\/pages\/3\/revisions\/13050"}],"wp:featuredmedia":[{"embeddable":true,"href":"https:\/\/cmsf.cv\/index.php\/wp-json\/wp\/v2\/media\/8636"}],"wp:attachment":[{"href":"https:\/\/cmsf.cv\/index.php\/wp-json\/wp\/v2\/media?parent=3"}],"curies":[{"name":"wp","href":"https:\/\/api.w.org\/{rel}","templated":true}]}}