
{"id":8260,"date":"2021-07-02T13:09:15","date_gmt":"2021-07-02T14:09:15","guid":{"rendered":"https:\/\/cmsf.cv\/?page_id=8260"},"modified":"2025-09-03T14:45:10","modified_gmt":"2025-09-03T15:45:10","slug":"casamunicipe","status":"publish","type":"page","link":"https:\/\/cmsf.cv\/index.php\/casamunicipe\/","title":{"rendered":"Casa Do Mun\u00edcipe"},"content":{"rendered":"\t\t<div data-elementor-type=\"wp-page\" data-elementor-id=\"8260\" class=\"elementor elementor-8260\" data-elementor-settings=\"[]\">\n\t\t\t\t\t\t\t<div class=\"elementor-section-wrap\">\n\t\t\t\t\t\t\t<section class=\"elementor-section elementor-top-section elementor-element elementor-element-1151f14 elementor-section-boxed elementor-section-height-default elementor-section-height-default\" data-id=\"1151f14\" data-element_type=\"section\" data-settings=\"{&quot;jet_parallax_layout_list&quot;:[{&quot;jet_parallax_layout_image&quot;:{&quot;url&quot;:&quot;&quot;,&quot;id&quot;:&quot;&quot;},&quot;_id&quot;:&quot;2f0337c&quot;,&quot;jet_parallax_layout_image_tablet&quot;:{&quot;url&quot;:&quot;&quot;,&quot;id&quot;:&quot;&quot;},&quot;jet_parallax_layout_image_mobile&quot;:{&quot;url&quot;:&quot;&quot;,&quot;id&quot;:&quot;&quot;},&quot;jet_parallax_layout_speed&quot;:{&quot;unit&quot;:&quot;%&quot;,&quot;size&quot;:50,&quot;sizes&quot;:[]},&quot;jet_parallax_layout_type&quot;:&quot;scroll&quot;,&quot;jet_parallax_layout_direction&quot;:null,&quot;jet_parallax_layout_fx_direction&quot;:null,&quot;jet_parallax_layout_z_index&quot;:&quot;&quot;,&quot;jet_parallax_layout_bg_x&quot;:50,&quot;jet_parallax_layout_bg_x_tablet&quot;:&quot;&quot;,&quot;jet_parallax_layout_bg_x_mobile&quot;:&quot;&quot;,&quot;jet_parallax_layout_bg_y&quot;:50,&quot;jet_parallax_layout_bg_y_tablet&quot;:&quot;&quot;,&quot;jet_parallax_layout_bg_y_mobile&quot;:&quot;&quot;,&quot;jet_parallax_layout_bg_size&quot;:&quot;auto&quot;,&quot;jet_parallax_layout_bg_size_tablet&quot;:&quot;&quot;,&quot;jet_parallax_layout_bg_size_mobile&quot;:&quot;&quot;,&quot;jet_parallax_layout_animation_prop&quot;:&quot;transform&quot;,&quot;jet_parallax_layout_on&quot;:[&quot;desktop&quot;,&quot;tablet&quot;]}]}\">\n\t\t\t\t\t\t<div class=\"elementor-container elementor-column-gap-default\">\n\t\t\t\t\t<div class=\"elementor-column elementor-col-100 elementor-top-column elementor-element elementor-element-15e6565\" data-id=\"15e6565\" data-element_type=\"column\">\n\t\t\t<div class=\"elementor-widget-wrap elementor-element-populated\">\n\t\t\t\t\t\t\t\t<div class=\"elementor-element elementor-element-da5c405 elementor-widget-divider--view-line_icon elementor-view-default elementor-widget-divider--element-align-center elementor-widget elementor-widget-divider\" data-id=\"da5c405\" data-element_type=\"widget\" data-widget_type=\"divider.default\">\n\t\t\t\t<div class=\"elementor-widget-container\">\n\t\t\t\t\t<div class=\"elementor-divider\">\n\t\t\t<span class=\"elementor-divider-separator\">\n\t\t\t\t\t\t\t<div class=\"elementor-icon elementor-divider__element\">\n\t\t\t\t\t<i aria-hidden=\"true\" class=\"fas fa-home\"><\/i><\/div>\n\t\t\t\t\t\t<\/span>\n\t\t<\/div>\n\t\t\t\t<\/div>\n\t\t\t\t<\/div>\n\t\t\t\t<div class=\"elementor-element elementor-element-2e6a76a elementor-widget elementor-widget-heading\" data-id=\"2e6a76a\" data-element_type=\"widget\" data-widget_type=\"heading.default\">\n\t\t\t\t<div class=\"elementor-widget-container\">\n\t\t\t<h2 class=\"elementor-heading-title elementor-size-default\">Casa Do Mun\u00edcipe do Patim -Delega\u00e7\u00e3o Municipal Sul<\/h2>\t\t<\/div>\n\t\t\t\t<\/div>\n\t\t\t\t\t<\/div>\n\t\t<\/div>\n\t\t\t\t\t\t\t<\/div>\n\t\t<\/section>\n\t\t\t\t<section class=\"elementor-section elementor-top-section elementor-element elementor-element-0642d7a elementor-section-boxed elementor-section-height-default elementor-section-height-default\" data-id=\"0642d7a\" data-element_type=\"section\" data-settings=\"{&quot;jet_parallax_layout_list&quot;:[{&quot;jet_parallax_layout_image&quot;:{&quot;url&quot;:&quot;&quot;,&quot;id&quot;:&quot;&quot;},&quot;_id&quot;:&quot;2f0337c&quot;,&quot;jet_parallax_layout_image_tablet&quot;:{&quot;url&quot;:&quot;&quot;,&quot;id&quot;:&quot;&quot;},&quot;jet_parallax_layout_image_mobile&quot;:{&quot;url&quot;:&quot;&quot;,&quot;id&quot;:&quot;&quot;},&quot;jet_parallax_layout_speed&quot;:{&quot;unit&quot;:&quot;%&quot;,&quot;size&quot;:50,&quot;sizes&quot;:[]},&quot;jet_parallax_layout_type&quot;:&quot;scroll&quot;,&quot;jet_parallax_layout_direction&quot;:null,&quot;jet_parallax_layout_fx_direction&quot;:null,&quot;jet_parallax_layout_z_index&quot;:&quot;&quot;,&quot;jet_parallax_layout_bg_x&quot;:50,&quot;jet_parallax_layout_bg_x_tablet&quot;:&quot;&quot;,&quot;jet_parallax_layout_bg_x_mobile&quot;:&quot;&quot;,&quot;jet_parallax_layout_bg_y&quot;:50,&quot;jet_parallax_layout_bg_y_tablet&quot;:&quot;&quot;,&quot;jet_parallax_layout_bg_y_mobile&quot;:&quot;&quot;,&quot;jet_parallax_layout_bg_size&quot;:&quot;auto&quot;,&quot;jet_parallax_layout_bg_size_tablet&quot;:&quot;&quot;,&quot;jet_parallax_layout_bg_size_mobile&quot;:&quot;&quot;,&quot;jet_parallax_layout_animation_prop&quot;:&quot;transform&quot;,&quot;jet_parallax_layout_on&quot;:[&quot;desktop&quot;,&quot;tablet&quot;]}]}\">\n\t\t\t\t\t\t<div class=\"elementor-container elementor-column-gap-default\">\n\t\t\t\t\t<div class=\"elementor-column elementor-col-50 elementor-top-column elementor-element elementor-element-8774ed6\" data-id=\"8774ed6\" data-element_type=\"column\">\n\t\t\t<div class=\"elementor-widget-wrap elementor-element-populated\">\n\t\t\t\t\t\t\t\t<div class=\"elementor-element elementor-element-15ffbca elementor-widget elementor-widget-text-editor\" data-id=\"15ffbca\" data-element_type=\"widget\" data-widget_type=\"text-editor.default\">\n\t\t\t\t<div class=\"elementor-widget-container\">\n\t\t\t\t\t\t\t\t<p>\u00a0<\/p><p>Casa do Mun\u00edcipe de Patim entrou em funcionamento, em janeiro de 2022 para servir popula\u00e7\u00e3o da zona sul.<\/p><p>Ao presidir o acto da abertura da Casa do Mun\u00edcipe, que surgiu da transforma\u00e7\u00e3o da delega\u00e7\u00e3o municipal de modo a prestar um conjunto de servi\u00e7os camar\u00e1rios e de outras institui\u00e7\u00f5es, o presidente da c\u00e2mara de S\u00e3o Filipe, Nu\u00edas Silva, disse que o acto marca aquilo que \u00e9 o desenvolvimento que se quer para o munic\u00edpio.<\/p><p>\u201cPatim foi elevado \u00e0 categoria de vila h\u00e1 alguns anos, mas n\u00e3o tinha os servi\u00e7os que uma vila requer\u201d, referiu o edil, lembrando que uma das principais responsabilidades das autoridades administrativas e locais \u00e9 dialogar com institui\u00e7\u00f5es governamentais para desconcentrar e descentralizar servi\u00e7os para outros espa\u00e7os territoriais.<\/p><p>A ideia com o conceito da Casa do mun\u00edcipe, segundo Nu\u00edas Silva, \u00e9 congregar no \u00fanico espa\u00e7o os servi\u00e7os administrativos que s\u00e3o prestados, tradicionalmente, em espa\u00e7os diferentes, para permitir levar servi\u00e7os mais pr\u00f3ximos dos mun\u00edcipes, reduzindo o tempo e poupando recursos nas desloca\u00e7\u00f5es.<\/p><p>A implementa\u00e7\u00e3o de Pol\u00edticas de Descentraliza\u00e7\u00e3o da nova edilidade, visa a desconcentra\u00e7\u00e3o do poder central para as localidades, aproximando a C\u00e2mara Municipal das popula\u00e7\u00f5es, prestando-lhes os mesmos servi\u00e7os que encontrariam na Cidade, evitando deste modo, despesas para os Cidad\u00e3os que demandam diversos servi\u00e7os, aumentando a efici\u00eancia e a efic\u00e1cia dos procedimentos administrativos.\u00a0<\/p><p>A Casa do Mun\u00edcipe de Patim disponibiliza Servi\u00e7os da CMSF, da \u00c1gua Brava (pagamento de \u00e1gua), da Electra, Servi\u00e7os Banc\u00e1rios, Servi\u00e7os de Microcr\u00e9dito e um Balc\u00e3o Especial dos Correios de Cabo Verde.<\/p><p><strong>\u00a0 \u00a0 \u00a0 \u00a0 \u00a0 \u00a0 \u00a0 \u00a0 \u00a0 \u00a0 \u00a0 \u00a0 \u00a0 \u00a0 \u00a0 E-Mail:<\/strong> <strong>casadomunicipe@cmsf.cv <\/strong>#<strong>Facebook\/<\/strong>camaramunicipaldesaofilipe\u00a0 \u00a0 \u00a0 \u00a0 \u00a0 \u00a0 \u00a0 \u00a0 \u00a0 \u00a0 \u00a0 \u00a0 \u00a0 \u00a0 \u00a0 \u00a0 \u00a0 \u00a0 \u00a0 \u00a0 \u00a0 \u00a0 \u00a0 \u00a0 \u00a0 \u00a0 \u00a0 \u00a0 \u00a0 \u00a0 \u00a0 \u00a0 \u00a0 \u00a0 \u00a0 \u00a0 \u00a0 \u00a0 \u00a0#UnidosPorS\u00e3oFilipe#MobilizarS\u00e3oFilipe<\/p>\t\t\t\t\t\t<\/div>\n\t\t\t\t<\/div>\n\t\t\t\t\t<\/div>\n\t\t<\/div>\n\t\t\t\t<div class=\"elementor-column elementor-col-50 elementor-top-column elementor-element elementor-element-98eb803\" data-id=\"98eb803\" data-element_type=\"column\">\n\t\t\t<div class=\"elementor-widget-wrap elementor-element-populated\">\n\t\t\t\t\t\t\t\t<section class=\"elementor-section elementor-inner-section elementor-element elementor-element-f265f10 elementor-section-boxed elementor-section-height-default elementor-section-height-default\" data-id=\"f265f10\" data-element_type=\"section\" data-settings=\"{&quot;jet_parallax_layout_list&quot;:[{&quot;jet_parallax_layout_image&quot;:{&quot;url&quot;:&quot;&quot;,&quot;id&quot;:&quot;&quot;},&quot;_id&quot;:&quot;6eb4183&quot;,&quot;jet_parallax_layout_image_tablet&quot;:{&quot;url&quot;:&quot;&quot;,&quot;id&quot;:&quot;&quot;},&quot;jet_parallax_layout_image_mobile&quot;:{&quot;url&quot;:&quot;&quot;,&quot;id&quot;:&quot;&quot;},&quot;jet_parallax_layout_speed&quot;:{&quot;unit&quot;:&quot;%&quot;,&quot;size&quot;:50,&quot;sizes&quot;:[]},&quot;jet_parallax_layout_type&quot;:&quot;scroll&quot;,&quot;jet_parallax_layout_direction&quot;:null,&quot;jet_parallax_layout_fx_direction&quot;:null,&quot;jet_parallax_layout_z_index&quot;:&quot;&quot;,&quot;jet_parallax_layout_bg_x&quot;:50,&quot;jet_parallax_layout_bg_x_tablet&quot;:&quot;&quot;,&quot;jet_parallax_layout_bg_x_mobile&quot;:&quot;&quot;,&quot;jet_parallax_layout_bg_y&quot;:50,&quot;jet_parallax_layout_bg_y_tablet&quot;:&quot;&quot;,&quot;jet_parallax_layout_bg_y_mobile&quot;:&quot;&quot;,&quot;jet_parallax_layout_bg_size&quot;:&quot;auto&quot;,&quot;jet_parallax_layout_bg_size_tablet&quot;:&quot;&quot;,&quot;jet_parallax_layout_bg_size_mobile&quot;:&quot;&quot;,&quot;jet_parallax_layout_animation_prop&quot;:&quot;transform&quot;,&quot;jet_parallax_layout_on&quot;:[&quot;desktop&quot;,&quot;tablet&quot;]}]}\">\n\t\t\t\t\t\t<div class=\"elementor-container elementor-column-gap-default\">\n\t\t\t\t\t<div class=\"elementor-column elementor-col-100 elementor-inner-column elementor-element elementor-element-f1533b4\" data-id=\"f1533b4\" data-element_type=\"column\">\n\t\t\t<div class=\"elementor-widget-wrap elementor-element-populated\">\n\t\t\t\t\t\t\t\t<div class=\"elementor-element elementor-element-7170a48 elementor-widget elementor-widget-heading\" data-id=\"7170a48\" data-element_type=\"widget\" data-widget_type=\"heading.default\">\n\t\t\t\t<div class=\"elementor-widget-container\">\n\t\t\t<h4 class=\"elementor-heading-title elementor-size-default\">(Casa do Mun\u00edcipe de Patim)\n<\/h4>\t\t<\/div>\n\t\t\t\t<\/div>\n\t\t\t\t<div class=\"elementor-element elementor-element-8504b17 elementor-widget elementor-widget-text-editor\" data-id=\"8504b17\" data-element_type=\"widget\" data-widget_type=\"text-editor.default\">\n\t\t\t\t<div class=\"elementor-widget-container\">\n\t\t\t\t\t\t\t\t\t\t\t\t\t\t<\/div>\n\t\t\t\t<\/div>\n\t\t\t\t\t<\/div>\n\t\t<\/div>\n\t\t\t\t\t\t\t<\/div>\n\t\t<\/section>\n\t\t\t\t<div class=\"elementor-element elementor-element-a5842f6 elementor-widget elementor-widget-image\" data-id=\"a5842f6\" data-element_type=\"widget\" data-settings=\"{&quot;_animation&quot;:&quot;none&quot;}\" data-widget_type=\"image.default\">\n\t\t\t\t<div class=\"elementor-widget-container\">\n\t\t\t\t\t\t\t\t\t\t\t\t\t\t\t<img width=\"657\" height=\"367\" src=\"https:\/\/cmsf.cv\/wp-content\/uploads\/2022\/02\/municipe-2.jpg\" class=\"attachment-large size-large\" alt=\"\" loading=\"lazy\" srcset=\"https:\/\/cmsf.cv\/wp-content\/uploads\/2022\/02\/municipe-2.jpg 657w, https:\/\/cmsf.cv\/wp-content\/uploads\/2022\/02\/municipe-2-300x168.jpg 300w, https:\/\/cmsf.cv\/wp-content\/uploads\/2022\/02\/municipe-2-600x335.jpg 600w, https:\/\/cmsf.cv\/wp-content\/uploads\/2022\/02\/municipe-2-560x313.jpg 560w\" sizes=\"(max-width: 657px) 100vw, 657px\" \/>\t\t\t\t\t\t\t\t\t\t\t\t\t\t\t<\/div>\n\t\t\t\t<\/div>\n\t\t\t\t<div class=\"elementor-element elementor-element-1f25eac elementor-widget elementor-widget-image-gallery\" data-id=\"1f25eac\" data-element_type=\"widget\" data-widget_type=\"image-gallery.default\">\n\t\t\t\t<div class=\"elementor-widget-container\">\n\t\t\t\t\t<div class=\"elementor-image-gallery\">\n\t\t\t\n\t\t<style type=\"text\/css\">\n\t\t\t#gallery-1 {\n\t\t\t\tmargin: auto;\n\t\t\t}\n\t\t\t#gallery-1 .gallery-item {\n\t\t\t\tfloat: left;\n\t\t\t\tmargin-top: 10px;\n\t\t\t\ttext-align: center;\n\t\t\t\twidth: 25%;\n\t\t\t}\n\t\t\t#gallery-1 img {\n\t\t\t\tborder: 2px solid #cfcfcf;\n\t\t\t}\n\t\t\t#gallery-1 .gallery-caption {\n\t\t\t\tmargin-left: 0;\n\t\t\t}\n\t\t\t\/* see gallery_shortcode() in wp-includes\/media.php *\/\n\t\t<\/style>\n\t\t<div id='gallery-1' class='gallery galleryid-8260 gallery-columns-4 gallery-size-thumbnail'><dl class='gallery-item'>\n\t\t\t<dt class='gallery-icon landscape'>\n\t\t\t\t<a data-elementor-open-lightbox=\"yes\" data-elementor-lightbox-slideshow=\"1f25eac\" data-elementor-lightbox-title=\"municipe\" href='https:\/\/cmsf.cv\/wp-content\/uploads\/2022\/02\/municipe-2.jpg'><img width=\"150\" height=\"150\" src=\"https:\/\/cmsf.cv\/wp-content\/uploads\/2022\/02\/municipe-2-150x150.jpg\" class=\"attachment-thumbnail size-thumbnail\" alt=\"\" loading=\"lazy\" srcset=\"https:\/\/cmsf.cv\/wp-content\/uploads\/2022\/02\/municipe-2-150x150.jpg 150w, https:\/\/cmsf.cv\/wp-content\/uploads\/2022\/02\/municipe-2-100x100.jpg 100w\" sizes=\"(max-width: 150px) 100vw, 150px\" \/><\/a>\n\t\t\t<\/dt><\/dl><dl class='gallery-item'>\n\t\t\t<dt class='gallery-icon landscape'>\n\t\t\t\t<a data-elementor-open-lightbox=\"yes\" data-elementor-lightbox-slideshow=\"1f25eac\" data-elementor-lightbox-title=\"municipe3\" href='https:\/\/cmsf.cv\/wp-content\/uploads\/2022\/02\/municipe3.jpg'><img width=\"150\" height=\"150\" src=\"https:\/\/cmsf.cv\/wp-content\/uploads\/2022\/02\/municipe3-150x150.jpg\" class=\"attachment-thumbnail size-thumbnail\" alt=\"\" loading=\"lazy\" srcset=\"https:\/\/cmsf.cv\/wp-content\/uploads\/2022\/02\/municipe3-150x150.jpg 150w, https:\/\/cmsf.cv\/wp-content\/uploads\/2022\/02\/municipe3-100x100.jpg 100w\" sizes=\"(max-width: 150px) 100vw, 150px\" \/><\/a>\n\t\t\t<\/dt><\/dl><dl class='gallery-item'>\n\t\t\t<dt class='gallery-icon landscape'>\n\t\t\t\t<a data-elementor-open-lightbox=\"yes\" data-elementor-lightbox-slideshow=\"1f25eac\" data-elementor-lightbox-title=\"municipe2\" href='https:\/\/cmsf.cv\/wp-content\/uploads\/2022\/02\/municipe2.jpg'><img width=\"150\" height=\"150\" src=\"https:\/\/cmsf.cv\/wp-content\/uploads\/2022\/02\/municipe2-150x150.jpg\" class=\"attachment-thumbnail size-thumbnail\" alt=\"\" loading=\"lazy\" srcset=\"https:\/\/cmsf.cv\/wp-content\/uploads\/2022\/02\/municipe2-150x150.jpg 150w, https:\/\/cmsf.cv\/wp-content\/uploads\/2022\/02\/municipe2-100x100.jpg 100w\" sizes=\"(max-width: 150px) 100vw, 150px\" \/><\/a>\n\t\t\t<\/dt><\/dl><dl class='gallery-item'>\n\t\t\t<dt class='gallery-icon landscape'>\n\t\t\t\t<a data-elementor-open-lightbox=\"yes\" data-elementor-lightbox-slideshow=\"1f25eac\" data-elementor-lightbox-title=\"municipe4\" href='https:\/\/cmsf.cv\/wp-content\/uploads\/2022\/02\/municipe4.jpg'><img width=\"150\" height=\"150\" src=\"https:\/\/cmsf.cv\/wp-content\/uploads\/2022\/02\/municipe4-150x150.jpg\" class=\"attachment-thumbnail size-thumbnail\" alt=\"\" loading=\"lazy\" srcset=\"https:\/\/cmsf.cv\/wp-content\/uploads\/2022\/02\/municipe4-150x150.jpg 150w, https:\/\/cmsf.cv\/wp-content\/uploads\/2022\/02\/municipe4-100x100.jpg 100w\" sizes=\"(max-width: 150px) 100vw, 150px\" \/><\/a>\n\t\t\t<\/dt><\/dl><br style=\"clear: both\" \/>\n\t\t<\/div>\n\t\t<\/div>\n\t\t\t\t<\/div>\n\t\t\t\t<\/div>\n\t\t\t\t\t<\/div>\n\t\t<\/div>\n\t\t\t\t\t\t\t<\/div>\n\t\t<\/section>\n\t\t\t\t\t\t<\/div>\n\t\t\t\t\t<\/div>\n\t\t","protected":false},"excerpt":{"rendered":"<p>Casa Do Mun\u00edcipe do Patim -Delega\u00e7\u00e3o Municipal Sul \u00a0 Casa do Mun\u00edcipe de Patim entrou em funcionamento, em janeiro de 2022 para servir popula\u00e7\u00e3o da zona sul. Ao presidir o acto da abertura da Casa do Mun\u00edcipe, que surgiu da transforma\u00e7\u00e3o da delega\u00e7\u00e3o municipal de modo a prestar um conjunto de servi\u00e7os camar\u00e1rios e de [&hellip;]<\/p>\n","protected":false},"author":1,"featured_media":9392,"parent":0,"menu_order":74,"comment_status":"closed","ping_status":"closed","template":"elementor_header_footer","meta":[],"acf":[],"wpcf_dashboard":"<div class=\"woocommerce\"><div class=\"woocommerce-info\">Please log in first? <a class=\"wpneoShowLogin\" href=\"#\">Click here to login<\/a><\/div><div class=\"wpneo_login_form_div\" style=\"display: none;\">\n\t\t<form name=\"loginform\" id=\"loginform\" action=\"https:\/\/cmsf.cv\/wp-login.php\" method=\"post\">\n\t\t\t\n\t\t\t<p class=\"login-username\">\n\t\t\t\t<label for=\"user_login\">Nome de utilizador ou endere\u00e7o de email<\/label>\n\t\t\t\t<input type=\"text\" name=\"log\" id=\"user_login\" class=\"input\" value=\"\" size=\"20\" \/>\n\t\t\t<\/p>\n\t\t\t<p class=\"login-password\">\n\t\t\t\t<label for=\"user_pass\">Senha<\/label>\n\t\t\t\t<input type=\"password\" name=\"pwd\" id=\"user_pass\" class=\"input\" value=\"\" size=\"20\" \/>\n\t\t\t<\/p>\n\t\t\t\n\t\t\t<p class=\"login-remember\"><label><input name=\"rememberme\" type=\"checkbox\" id=\"rememberme\" value=\"forever\" \/> Lembrar-me<\/label><\/p>\n\t\t\t<p class=\"login-submit\">\n\t\t\t\t<input type=\"submit\" name=\"wp-submit\" id=\"wp-submit\" class=\"button button-primary\" value=\"Iniciar sess\u00e3o\" \/>\n\t\t\t\t<input type=\"hidden\" name=\"redirect_to\" value=\"https:\/\/cmsf.cv\/index.php\/wp-json\/wp\/v2\/pages\/8260\" \/>\n\t\t\t<\/p>\n\t\t\t\n\t\t<\/form><\/div><\/div>","_links":{"self":[{"href":"https:\/\/cmsf.cv\/index.php\/wp-json\/wp\/v2\/pages\/8260"}],"collection":[{"href":"https:\/\/cmsf.cv\/index.php\/wp-json\/wp\/v2\/pages"}],"about":[{"href":"https:\/\/cmsf.cv\/index.php\/wp-json\/wp\/v2\/types\/page"}],"author":[{"embeddable":true,"href":"https:\/\/cmsf.cv\/index.php\/wp-json\/wp\/v2\/users\/1"}],"replies":[{"embeddable":true,"href":"https:\/\/cmsf.cv\/index.php\/wp-json\/wp\/v2\/comments?post=8260"}],"version-history":[{"count":119,"href":"https:\/\/cmsf.cv\/index.php\/wp-json\/wp\/v2\/pages\/8260\/revisions"}],"predecessor-version":[{"id":17591,"href":"https:\/\/cmsf.cv\/index.php\/wp-json\/wp\/v2\/pages\/8260\/revisions\/17591"}],"wp:featuredmedia":[{"embeddable":true,"href":"https:\/\/cmsf.cv\/index.php\/wp-json\/wp\/v2\/media\/9392"}],"wp:attachment":[{"href":"https:\/\/cmsf.cv\/index.php\/wp-json\/wp\/v2\/media?parent=8260"}],"curies":[{"name":"wp","href":"https:\/\/api.w.org\/{rel}","templated":true}]}}