
{"id":9394,"date":"2022-03-09T13:56:19","date_gmt":"2022-03-09T14:56:19","guid":{"rendered":"https:\/\/cmsf.cv\/?page_id=9394"},"modified":"2022-08-30T22:28:10","modified_gmt":"2022-08-30T23:28:10","slug":"incubadora-municipal","status":"publish","type":"page","link":"https:\/\/cmsf.cv\/index.php\/incubadora-municipal\/","title":{"rendered":"Incubadora Municipal"},"content":{"rendered":"\t\t<div data-elementor-type=\"wp-page\" data-elementor-id=\"9394\" class=\"elementor elementor-9394\" data-elementor-settings=\"[]\">\n\t\t\t\t\t\t\t<div class=\"elementor-section-wrap\">\n\t\t\t\t\t\t\t<section class=\"elementor-section elementor-top-section elementor-element elementor-element-3300372 elementor-section-boxed elementor-section-height-default elementor-section-height-default\" data-id=\"3300372\" data-element_type=\"section\" data-settings=\"{&quot;jet_parallax_layout_list&quot;:[{&quot;jet_parallax_layout_image&quot;:{&quot;url&quot;:&quot;&quot;,&quot;id&quot;:&quot;&quot;},&quot;_id&quot;:&quot;4abfedf&quot;,&quot;jet_parallax_layout_image_tablet&quot;:{&quot;url&quot;:&quot;&quot;,&quot;id&quot;:&quot;&quot;},&quot;jet_parallax_layout_image_mobile&quot;:{&quot;url&quot;:&quot;&quot;,&quot;id&quot;:&quot;&quot;},&quot;jet_parallax_layout_speed&quot;:{&quot;unit&quot;:&quot;%&quot;,&quot;size&quot;:50,&quot;sizes&quot;:[]},&quot;jet_parallax_layout_type&quot;:&quot;scroll&quot;,&quot;jet_parallax_layout_direction&quot;:null,&quot;jet_parallax_layout_fx_direction&quot;:null,&quot;jet_parallax_layout_z_index&quot;:&quot;&quot;,&quot;jet_parallax_layout_bg_x&quot;:50,&quot;jet_parallax_layout_bg_x_tablet&quot;:&quot;&quot;,&quot;jet_parallax_layout_bg_x_mobile&quot;:&quot;&quot;,&quot;jet_parallax_layout_bg_y&quot;:50,&quot;jet_parallax_layout_bg_y_tablet&quot;:&quot;&quot;,&quot;jet_parallax_layout_bg_y_mobile&quot;:&quot;&quot;,&quot;jet_parallax_layout_bg_size&quot;:&quot;auto&quot;,&quot;jet_parallax_layout_bg_size_tablet&quot;:&quot;&quot;,&quot;jet_parallax_layout_bg_size_mobile&quot;:&quot;&quot;,&quot;jet_parallax_layout_animation_prop&quot;:&quot;transform&quot;,&quot;jet_parallax_layout_on&quot;:[&quot;desktop&quot;,&quot;tablet&quot;]}]}\">\n\t\t\t\t\t\t<div class=\"elementor-container elementor-column-gap-default\">\n\t\t\t\t\t<div class=\"elementor-column elementor-col-50 elementor-top-column elementor-element elementor-element-0970b0e\" data-id=\"0970b0e\" data-element_type=\"column\">\n\t\t\t<div class=\"elementor-widget-wrap elementor-element-populated\">\n\t\t\t\t\t\t\t\t<div class=\"elementor-element elementor-element-ee8ac74 elementor-widget elementor-widget-ova_heading\" data-id=\"ee8ac74\" data-element_type=\"widget\" data-widget_type=\"ova_heading.default\">\n\t\t\t\t<div class=\"elementor-widget-container\">\n\t\t\t\t\t<div class=\"ova-heading\">\n\t\t\t\n\t\t\t\t\t\t\t<h3 class=\"title second_font\">INCUBADORA MUNICIPAL \u2013 FOGO INNOVATION LAB<\/h3>\n\t\t\t\n\t\t\t\n\t\t<\/div>\n\t\t\t\t<\/div>\n\t\t\t\t<\/div>\n\t\t\t\t<div class=\"elementor-element elementor-element-2528ad0 elementor-widget elementor-widget-text-editor\" data-id=\"2528ad0\" data-element_type=\"widget\" data-widget_type=\"text-editor.default\">\n\t\t\t\t<div class=\"elementor-widget-container\">\n\t\t\t\t\t\t\t\t<p>A Incubadora Municipal em S\u00e3o Filipe constitui um espa\u00e7o coworking, composto por indiv\u00edduos formados, capacitados, com experi\u00eancia de trabalho em v\u00e1rios segmentos de atividade, nomeadamente, neg\u00f3cios, gest\u00e3o, marketing, finan\u00e7as, ci\u00eancias de administra\u00e7\u00e3o, programas de voluntariado, consultoria e conhecimento do mercado local, afim de satisfazer as necessidades do mercado pr\u00e9-identificadas.<\/p><p>A Incubadora <em><b>Fogo Innovation Lab<\/b><\/em> \u00e9 um espa\u00e7o que trabalha arduamente na dinamiza\u00e7\u00e3o da economia local, combater o desemprego e a pobreza no concelho, atrav\u00e9s da cria\u00e7\u00e3o e implementa\u00e7\u00e3o de neg\u00f3cio capaz de gerar algum rendimento, tendo em vista um melhor aproveitamento das potencialidades end\u00f3genas e assegurando uma maior capacidade de resili\u00eancia e sustentabilidade social e econ\u00f3mica do concelho de S\u00e3o filipe.<\/p><p>Em mar\u00e7o de 2022, foi celebrado um Acordo de Parceria entre a C\u00e2mara Municipal de S\u00e3o Filipe e a C\u00e2mara do Com\u00e9rcio de Sotavento em que ficou tipificado, no objeto do Acordo de Parceria que a Gest\u00e3o da Incubadora Municipal de S\u00e3o Filipe passaria \u00e0 C\u00e2mara do Com\u00e9rcio de Sotavento, ficando esta com a responsabilidade de dotar a Incubadora de uma gest\u00e3o eficiente e eficaz, dinamizando e fomentando as micro e pequenas empresas da regi\u00e3o.\u00a0<\/p>\t\t\t\t\t\t<\/div>\n\t\t\t\t<\/div>\n\t\t\t\t\t<\/div>\n\t\t<\/div>\n\t\t\t\t<div class=\"elementor-column elementor-col-50 elementor-top-column elementor-element elementor-element-32f44ec\" data-id=\"32f44ec\" data-element_type=\"column\">\n\t\t\t<div class=\"elementor-widget-wrap elementor-element-populated\">\n\t\t\t\t\t\t\t\t<div class=\"elementor-element elementor-element-d2989bb elementor-widget elementor-widget-heading\" data-id=\"d2989bb\" data-element_type=\"widget\" data-widget_type=\"heading.default\">\n\t\t\t\t<div class=\"elementor-widget-container\">\n\t\t\t<h2 class=\"elementor-heading-title elementor-size-default\">Video da Inaugura\u00e7\u00e3o <\/h2>\t\t<\/div>\n\t\t\t\t<\/div>\n\t\t\t\t<div class=\"elementor-element elementor-element-885dfeb elementor-widget elementor-widget-html\" data-id=\"885dfeb\" data-element_type=\"widget\" data-widget_type=\"html.default\">\n\t\t\t\t<div class=\"elementor-widget-container\">\n\t\t\t<iframe loading=\"lazy\" src=\"https:\/\/www.facebook.com\/plugins\/video.php?height=314&href=https%3A%2F%2Fwww.facebook.com%2FCamaramunicpaldesaofilipe%2Fvideos%2F4969466699812547%2F&show_text=false&width=560&t=0\" width=\"560\" height=\"314\" style=\"border:none;overflow:hidden\" scrolling=\"no\" frameborder=\"0\" allowfullscreen=\"true\" allow=\"autoplay; clipboard-write; encrypted-media; picture-in-picture; web-share\" allowFullScreen=\"true\"><\/iframe>\t\t<\/div>\n\t\t\t\t<\/div>\n\t\t\t\t\t<\/div>\n\t\t<\/div>\n\t\t\t\t\t\t\t<\/div>\n\t\t<\/section>\n\t\t\t\t\t\t<\/div>\n\t\t\t\t\t<\/div>\n\t\t","protected":false},"excerpt":{"rendered":"<p>INCUBADORA MUNICIPAL \u2013 FOGO INNOVATION LAB A Incubadora Municipal em S\u00e3o Filipe constitui um espa\u00e7o coworking, composto por indiv\u00edduos formados, capacitados, com experi\u00eancia de trabalho em v\u00e1rios segmentos de atividade, nomeadamente, neg\u00f3cios, gest\u00e3o, marketing, finan\u00e7as, ci\u00eancias de administra\u00e7\u00e3o, programas de voluntariado, consultoria e conhecimento do mercado local, afim de satisfazer as necessidades do mercado pr\u00e9-identificadas. [&hellip;]<\/p>\n","protected":false},"author":1,"featured_media":9655,"parent":0,"menu_order":38,"comment_status":"closed","ping_status":"closed","template":"","meta":[],"acf":[],"wpcf_dashboard":"<div class=\"woocommerce\"><div class=\"woocommerce-info\">Please log in first? <a class=\"wpneoShowLogin\" href=\"#\">Click here to login<\/a><\/div><div class=\"wpneo_login_form_div\" style=\"display: none;\">\n\t\t<form name=\"loginform\" id=\"loginform\" action=\"https:\/\/cmsf.cv\/wp-login.php\" method=\"post\">\n\t\t\t\n\t\t\t<p class=\"login-username\">\n\t\t\t\t<label for=\"user_login\">Nome de utilizador ou endere\u00e7o de email<\/label>\n\t\t\t\t<input type=\"text\" name=\"log\" id=\"user_login\" class=\"input\" value=\"\" size=\"20\" \/>\n\t\t\t<\/p>\n\t\t\t<p class=\"login-password\">\n\t\t\t\t<label for=\"user_pass\">Senha<\/label>\n\t\t\t\t<input type=\"password\" name=\"pwd\" id=\"user_pass\" class=\"input\" value=\"\" size=\"20\" \/>\n\t\t\t<\/p>\n\t\t\t\n\t\t\t<p class=\"login-remember\"><label><input name=\"rememberme\" type=\"checkbox\" id=\"rememberme\" value=\"forever\" \/> Lembrar-me<\/label><\/p>\n\t\t\t<p class=\"login-submit\">\n\t\t\t\t<input type=\"submit\" name=\"wp-submit\" id=\"wp-submit\" class=\"button button-primary\" value=\"Iniciar sess\u00e3o\" \/>\n\t\t\t\t<input type=\"hidden\" name=\"redirect_to\" value=\"https:\/\/cmsf.cv\/index.php\/wp-json\/wp\/v2\/pages\/9394\" \/>\n\t\t\t<\/p>\n\t\t\t\n\t\t<\/form><\/div><\/div>","_links":{"self":[{"href":"https:\/\/cmsf.cv\/index.php\/wp-json\/wp\/v2\/pages\/9394"}],"collection":[{"href":"https:\/\/cmsf.cv\/index.php\/wp-json\/wp\/v2\/pages"}],"about":[{"href":"https:\/\/cmsf.cv\/index.php\/wp-json\/wp\/v2\/types\/page"}],"author":[{"embeddable":true,"href":"https:\/\/cmsf.cv\/index.php\/wp-json\/wp\/v2\/users\/1"}],"replies":[{"embeddable":true,"href":"https:\/\/cmsf.cv\/index.php\/wp-json\/wp\/v2\/comments?post=9394"}],"version-history":[{"count":72,"href":"https:\/\/cmsf.cv\/index.php\/wp-json\/wp\/v2\/pages\/9394\/revisions"}],"predecessor-version":[{"id":13111,"href":"https:\/\/cmsf.cv\/index.php\/wp-json\/wp\/v2\/pages\/9394\/revisions\/13111"}],"wp:featuredmedia":[{"embeddable":true,"href":"https:\/\/cmsf.cv\/index.php\/wp-json\/wp\/v2\/media\/9655"}],"wp:attachment":[{"href":"https:\/\/cmsf.cv\/index.php\/wp-json\/wp\/v2\/media?parent=9394"}],"curies":[{"name":"wp","href":"https:\/\/api.w.org\/{rel}","templated":true}]}}